{"id":12,"date":"2021-08-14T19:51:38","date_gmt":"2021-08-14T22:51:38","guid":{"rendered":"https:\/\/sieg.org.br\/?page_id=12"},"modified":"2022-03-26T09:58:00","modified_gmt":"2022-03-26T12:58:00","slug":"sieg","status":"publish","type":"page","link":"https:\/\/sieg.org.br\/index.php\/sieg\/","title":{"rendered":"Sobre n\u00f3s"},"content":{"rendered":"\t\t<div data-elementor-type=\"wp-page\" data-elementor-id=\"12\" class=\"elementor elementor-12\" data-elementor-settings=\"[]\">\n\t\t\t\t\t\t\t<div class=\"elementor-section-wrap\">\n\t\t\t\t\t\t\t<section class=\"elementor-section elementor-top-section elementor-element elementor-element-b435204 elementor-section-height-min-height elementor-section-boxed elementor-section-height-default elementor-section-items-middle\" data-id=\"b435204\" data-element_type=\"section\" data-settings=\"{&quot;background_background&quot;:&quot;classic&quot;}\">\n\t\t\t\t\t\t<div class=\"elementor-container elementor-column-gap-default\">\n\t\t\t\t\t<div class=\"elementor-column elementor-col-100 elementor-top-column elementor-element elementor-element-310b581\" data-id=\"310b581\" data-element_type=\"column\">\n\t\t\t<div class=\"elementor-widget-wrap elementor-element-populated\">\n\t\t\t\t\t\t\t\t\t<\/div>\n\t\t<\/div>\n\t\t\t\t\t\t\t<\/div>\n\t\t<\/section>\n\t\t\t\t<section class=\"elementor-section elementor-top-section elementor-element elementor-element-d624400 elementor-section-boxed elementor-section-height-default elementor-section-height-default\" data-id=\"d624400\" data-element_type=\"section\">\n\t\t\t\t\t\t<div class=\"elementor-container elementor-column-gap-default\">\n\t\t\t\t\t<div class=\"elementor-column elementor-col-100 elementor-top-column elementor-element elementor-element-cd74e2d\" data-id=\"cd74e2d\" data-element_type=\"column\">\n\t\t\t<div class=\"elementor-widget-wrap elementor-element-populated\">\n\t\t\t\t\t\t\t\t<div class=\"elementor-element elementor-element-25b8959 elementor-widget elementor-widget-text-editor\" data-id=\"25b8959\" data-element_type=\"widget\" data-widget_type=\"text-editor.default\">\n\t\t\t\t<div class=\"elementor-widget-container\">\n\t\t\t\t\t\t\t\t<p><em>O Sindicato dos Enfermeiros do Estado de Goi\u00e1s \u2013 Sieg \u2013 tem como finalidade estimular a organiza\u00e7\u00e3o da categoria nos locais de trabalho; celebrar conv\u00eanios, conven\u00e7\u00f5es e acordos coletivos de trabalho; al\u00e9m de prestar, dentro de suas possibilidades, na forma dos regulamentos, ou normas vigentes, assessoria jur\u00eddica gratuita de interesse popular, entre outros. <\/em><\/p><p><em>Sua funda\u00e7\u00e3o \u00e9 reconhecida mediante carta sindical datada em 4 de julho de 1986. Desde os in\u00edcios de suas atividades, o Sieg tem trabalhado de forma ininterrupta em defesa dos direitos dos enfermeiros e enfermeiras de Goi\u00e1s. <\/em><\/p><p>Esteve \u00e0 frente da gest\u00e3o no momento de sua funda\u00e7\u00e3o, a enfermeira Ol\u00edvia Vieira da Silva, em 1985. \u00a0Com o passar dos anos, novos profissionais enfermeiros presidiram o Sieg:\u00a0\u00a0<\/p><p>Denise Berti Goulart &#8211;\u00a0 Gest\u00e3o Provis\u00f3ria 1985<\/p><p>Lindinalva Carvalho de Souza &#8211;\u00a0 Gest\u00e3o 1986-1989<\/p><p>Ant\u00f4nia Maria Ferreira Reis &#8211;\u00a0 Gest\u00e3o 1989-1991<\/p><p>F\u00e1tima Rogrigues de Morais Mendes &#8211; Gest\u00f5es 1991-1994 \/ 1994-1998<\/p><p>Lucimar Rodrigues Ferreira &#8211;\u00a0 Gest\u00e3o 1998-2001<\/p><p>M\u00e1rcia L\u00facia Ferreira &#8211;\u00a0 Gest\u00e3o 2001-2004<\/p><p>Luzineia Vieira dos Santos &#8211;\u00a0 Gest\u00f5es 2004-2007\/2007-2010<\/p><p>Wellerson Moreira Ribeiro &#8211;\u00a0 Gest\u00e3o 2010-2013<\/p><p>Dionne Hallyson Silva de Siqueira &#8211;\u00a0 Gest\u00e3o 2013-2016 \/ 2016-2019\u00a0 \u00a0<\/p><p>\u00a0<\/p><p>Foi em 20 de maio de 2015, que o Sieg passou a contar com sede pr\u00f3pria, que fica localizada no Edif\u00edcio Minas Bank, na Avenida Goi\u00e1s n\u00ba 606, sala 1.604 e 1605, setor Central, Goi\u00e2nia (GO).\u00a0<\/p><p>\u00a0<\/p><p><em><span style=\"vertical-align: inherit;\"><span style=\"vertical-align: inherit;\"><span style=\"vertical-align: inherit;\"><span style=\"vertical-align: inherit;\"><span style=\"vertical-align: inherit;\"><span style=\"vertical-align: inherit;\"><span style=\"vertical-align: inherit;\"><span style=\"vertical-align: inherit;\"><span style=\"vertical-align: inherit;\"><span style=\"vertical-align: inherit;\"><span style=\"vertical-align: inherit;\"><span style=\"vertical-align: inherit;\"><span style=\"vertical-align: inherit;\"><span style=\"vertical-align: inherit;\"><span style=\"vertical-align: inherit;\"><span style=\"vertical-align: inherit;\"><span style=\"vertical-align: inherit;\"><span style=\"vertical-align: inherit;\"><span style=\"vertical-align: inherit;\"><span style=\"vertical-align: inherit;\">Conhe\u00e7a nosso Estatuto Social:<\/span><\/span><\/span><\/span><\/span><\/span><\/span><\/span><\/span><\/span><\/span><\/span><\/span><\/span><\/span><\/span><\/span><\/span><\/span><\/span><\/em><\/p><p><a href=\"https:\/\/sieg.org.br\/wp-content\/uploads\/2022\/02\/Estatuto-do-Sindicato-dos-Enfermeiros-de-Goias.pdf\"><span style=\"vertical-align: inherit;\"><span style=\"vertical-align: inherit;\"><span style=\"vertical-align: inherit;\"><span style=\"vertical-align: inherit;\"><span style=\"vertical-align: inherit;\"><span style=\"vertical-align: inherit;\"><span style=\"vertical-align: inherit;\"><span style=\"vertical-align: inherit;\"><span style=\"vertical-align: inherit;\"><span style=\"vertical-align: inherit;\"><span style=\"vertical-align: inherit;\"><span style=\"vertical-align: inherit;\"><span style=\"vertical-align: inherit;\"><span style=\"vertical-align: inherit;\"><span style=\"vertical-align: inherit;\"><span style=\"vertical-align: inherit;\"><span style=\"vertical-align: inherit;\"><span style=\"vertical-align: inherit;\"><span style=\"vertical-align: inherit;\"><span style=\"vertical-align: inherit;\">Estatuto do Sindicato dos Enfermeiros de Goi\u00e1s<\/span><\/span><\/span><\/span><\/span><\/span><\/span><\/span><\/span><\/span><\/span><\/span><\/span><\/span><\/span><\/span><\/span><\/span><\/span><\/span><\/a><span style=\"vertical-align: inherit;\"><span style=\"vertical-align: inherit;\">\u00a0<\/span><\/span><\/p>\t\t\t\t\t\t<\/div>\n\t\t\t\t<\/div>\n\t\t\t\t\t<\/div>\n\t\t<\/div>\n\t\t\t\t\t\t\t<\/div>\n\t\t<\/section>\n\t\t\t\t\t\t<\/div>\n\t\t\t\t\t<\/div>\n\t\t","protected":false},"excerpt":{"rendered":"<p>O Sindicato dos Enfermeiros do Estado de Goi\u00e1s \u2013 Sieg \u2013 tem como finalidade estimular a organiza\u00e7\u00e3o da categoria nos locais de trabalho; celebrar conv\u00eanios, conven\u00e7\u00f5es e acordos coletivos de trabalho; al\u00e9m de prestar, dentro de suas possibilidades, na forma dos regulamentos, ou normas vigentes, assessoria jur\u00eddica gratuita de interesse popular, entre outros. Sua funda\u00e7\u00e3o [&hellip;]<\/p>\n","protected":false},"author":1,"featured_media":0,"parent":0,"menu_order":0,"comment_status":"closed","ping_status":"closed","template":"elementor_header_footer","meta":{"_mi_skip_tracking":false,"footnotes":""},"aioseo_notices":[],"_links":{"self":[{"href":"https:\/\/sieg.org.br\/index.php\/wp-json\/wp\/v2\/pages\/12"}],"collection":[{"href":"https:\/\/sieg.org.br\/index.php\/wp-json\/wp\/v2\/pages"}],"about":[{"href":"https:\/\/sieg.org.br\/index.php\/wp-json\/wp\/v2\/types\/page"}],"author":[{"embeddable":true,"href":"https:\/\/sieg.org.br\/index.php\/wp-json\/wp\/v2\/users\/1"}],"replies":[{"embeddable":true,"href":"https:\/\/sieg.org.br\/index.php\/wp-json\/wp\/v2\/comments?post=12"}],"version-history":[{"count":31,"href":"https:\/\/sieg.org.br\/index.php\/wp-json\/wp\/v2\/pages\/12\/revisions"}],"predecessor-version":[{"id":305,"href":"https:\/\/sieg.org.br\/index.php\/wp-json\/wp\/v2\/pages\/12\/revisions\/305"}],"wp:attachment":[{"href":"https:\/\/sieg.org.br\/index.php\/wp-json\/wp\/v2\/media?parent=12"}],"curies":[{"name":"wp","href":"https:\/\/api.w.org\/{rel}","templated":true}]}}