{"id":507,"date":"2024-02-17T11:06:43","date_gmt":"2024-02-17T14:06:43","guid":{"rendered":"https:\/\/eventosaben.org.br\/senaden2024\/?page_id=507"},"modified":"2024-05-30T13:01:48","modified_gmt":"2024-05-30T16:01:48","slug":"dados","status":"publish","type":"page","link":"https:\/\/sieg.org.br\/congressosindical\/dados\/","title":{"rendered":"Autoriza\u00e7\u00e3o para uso de dados e imagem"},"content":{"rendered":"\t\t<div data-elementor-type=\"wp-page\" data-elementor-id=\"507\" class=\"elementor elementor-507\" data-elementor-post-type=\"page\">\n\t\t\t\t<div class=\"elementor-element elementor-element-3a95df1a e-flex e-con-boxed e-con e-parent\" data-id=\"3a95df1a\" data-element_type=\"container\" data-settings=\"{&quot;background_background&quot;:&quot;classic&quot;}\">\n\t\t\t\t\t<div class=\"e-con-inner\">\n\t\t\t\t<div class=\"elementor-element elementor-element-772bfa70 elementor-widget elementor-widget-heading\" data-id=\"772bfa70\" data-element_type=\"widget\" data-widget_type=\"heading.default\">\n\t\t\t\t<div class=\"elementor-widget-container\">\n\t\t\t<style>\/*! elementor - v3.21.0 - 30-04-2024 *\/\n.elementor-heading-title{padding:0;margin:0;line-height:1}.elementor-widget-heading .elementor-heading-title[class*=elementor-size-]>a{color:inherit;font-size:inherit;line-height:inherit}.elementor-widget-heading .elementor-heading-title.elementor-size-small{font-size:15px}.elementor-widget-heading .elementor-heading-title.elementor-size-medium{font-size:19px}.elementor-widget-heading .elementor-heading-title.elementor-size-large{font-size:29px}.elementor-widget-heading .elementor-heading-title.elementor-size-xl{font-size:39px}.elementor-widget-heading .elementor-heading-title.elementor-size-xxl{font-size:59px}<\/style><h2 class=\"elementor-heading-title elementor-size-default\">21 e 22 de junho de 2024<br \/>Sindicato dos Docentes das Universidades Federais de Goi\u00e1s<\/h2>\t\t<\/div>\n\t\t\t\t<\/div>\n\t\t\t\t\t<\/div>\n\t\t\t\t<\/div>\n\t\t<div class=\"elementor-element elementor-element-60cb1a4 e-flex e-con-boxed e-con e-parent\" data-id=\"60cb1a4\" data-element_type=\"container\">\n\t\t\t\t\t<div class=\"e-con-inner\">\n\t\t\t\t<div class=\"elementor-element elementor-element-f6b3735 elementor-widget elementor-widget-text-editor\" data-id=\"f6b3735\" data-element_type=\"widget\" data-widget_type=\"text-editor.default\">\n\t\t\t\t<div class=\"elementor-widget-container\">\n\t\t\t<style>\/*! elementor - v3.21.0 - 30-04-2024 *\/\n.elementor-widget-text-editor.elementor-drop-cap-view-stacked .elementor-drop-cap{background-color:#69727d;color:#fff}.elementor-widget-text-editor.elementor-drop-cap-view-framed .elementor-drop-cap{color:#69727d;border:3px solid;background-color:transparent}.elementor-widget-text-editor:not(.elementor-drop-cap-view-default) .elementor-drop-cap{margin-top:8px}.elementor-widget-text-editor:not(.elementor-drop-cap-view-default) .elementor-drop-cap-letter{width:1em;height:1em}.elementor-widget-text-editor .elementor-drop-cap{float:left;text-align:center;line-height:1;font-size:50px}.elementor-widget-text-editor .elementor-drop-cap-letter{display:inline-block}<\/style>\t\t\t\t<p>Eu, participante do <strong>1\u00ba Congresso Sindical do SIEG<\/strong>, declaro que autorizo o tratamento dos meus dados pessoais e de imagem pelo <strong>Sindicato dos Enfermeiros de Goi\u00e1s<\/strong> \u00a0e <strong>TODAS AS EMPRESAS<\/strong> que fizerem parte da <strong>ORGANIZA\u00c7\u00c3O<\/strong> e <strong>REALIZA\u00c7\u00c3O<\/strong> do evento, inclusive <strong>EMPRESAS PARCEIRAS<\/strong> e <strong>PATROCINADORES DO EVENTO<\/strong>, em aten\u00e7\u00e3o \u00e0 Lei Geral de Prote\u00e7\u00e3o de Dados (LGPD), para fins de registro, divulga\u00e7\u00e3o e promo\u00e7\u00e3o do <strong>1\u00ba Congresso Sindical do SIEG<\/strong>.<\/p><p>Compreendo que meus dados pessoais e de imagem ser\u00e3o coletados e armazenados de forma segura e confidencial, e ser\u00e3o utilizados exclusivamente para os fins mencionados acima. Autorizo a empresa a compartilhar meus dados com seus parceiros e fornecedores envolvidos na organiza\u00e7\u00e3o e realiza\u00e7\u00e3o do evento, desde que respeitados os termos da LGPD.<\/p><p>Consinto que minha imagem possa ser captada e reproduzida em fotos e v\u00eddeos durante o evento <strong>1\u00ba Congresso Sindical do SIEG<\/strong>, os quais poder\u00e3o ser utilizados pela empresa em campanhas publicit\u00e1rias, materiais promocionais e divulga\u00e7\u00e3o em redes sociais e demais meios de comunica\u00e7\u00e3o.<\/p><p>Declaro que estou ciente de que posso revogar esta autoriza\u00e7\u00e3o a qualquer momento, mediante solicita\u00e7\u00e3o formal ao SIEG, e que tenho o direito de acesso, corre\u00e7\u00e3o e exclus\u00e3o dos meus dados pessoais, nos termos da LGPD.<\/p><p>Ao inscrever no evento, expresso minha concord\u00e2ncia e aceita\u00e7\u00e3o integral aos termos aqui estabelecidos.<\/p>\t\t\t\t\t\t<\/div>\n\t\t\t\t<\/div>\n\t\t\t\t\t<\/div>\n\t\t\t\t<\/div>\n\t\t\t\t<\/div>\n\t\t","protected":false},"excerpt":{"rendered":"<p>21 e 22 de junho de 2024Sindicato dos Docentes das Universidades Federais de Goi\u00e1s Eu, participante do 1\u00ba Congresso Sindical do SIEG, declaro que autorizo o tratamento dos meus dados pessoais e de imagem pelo Sindicato dos Enfermeiros de Goi\u00e1s \u00a0e TODAS AS EMPRESAS que fizerem parte da ORGANIZA\u00c7\u00c3O e REALIZA\u00c7\u00c3O do evento, inclusive EMPRESAS [&hellip;]<\/p>\n","protected":false},"author":1,"featured_media":0,"parent":0,"menu_order":0,"comment_status":"closed","ping_status":"closed","template":"elementor_header_footer","meta":{"footnotes":""},"aioseo_notices":[],"_links":{"self":[{"href":"https:\/\/sieg.org.br\/congressosindical\/wp-json\/wp\/v2\/pages\/507"}],"collection":[{"href":"https:\/\/sieg.org.br\/congressosindical\/wp-json\/wp\/v2\/pages"}],"about":[{"href":"https:\/\/sieg.org.br\/congressosindical\/wp-json\/wp\/v2\/types\/page"}],"author":[{"embeddable":true,"href":"https:\/\/sieg.org.br\/congressosindical\/wp-json\/wp\/v2\/users\/1"}],"replies":[{"embeddable":true,"href":"https:\/\/sieg.org.br\/congressosindical\/wp-json\/wp\/v2\/comments?post=507"}],"version-history":[{"count":25,"href":"https:\/\/sieg.org.br\/congressosindical\/wp-json\/wp\/v2\/pages\/507\/revisions"}],"predecessor-version":[{"id":1165,"href":"https:\/\/sieg.org.br\/congressosindical\/wp-json\/wp\/v2\/pages\/507\/revisions\/1165"}],"wp:attachment":[{"href":"https:\/\/sieg.org.br\/congressosindical\/wp-json\/wp\/v2\/media?parent=507"}],"curies":[{"name":"wp","href":"https:\/\/api.w.org\/{rel}","templated":true}]}}