{"id":31,"date":"2023-12-19T16:35:56","date_gmt":"2023-12-19T19:35:56","guid":{"rendered":"https:\/\/ccmed.com.br\/sepse\/?page_id=31"},"modified":"2024-05-30T10:56:17","modified_gmt":"2024-05-30T13:56:17","slug":"contato","status":"publish","type":"page","link":"https:\/\/sieg.org.br\/congressosindical\/contato\/","title":{"rendered":"Contato"},"content":{"rendered":"\t\t<div data-elementor-type=\"wp-page\" data-elementor-id=\"31\" class=\"elementor elementor-31\" data-elementor-post-type=\"page\">\n\t\t\t\t<div class=\"elementor-element elementor-element-30bf93d7 e-flex e-con-boxed e-con e-parent\" data-id=\"30bf93d7\" data-element_type=\"container\" data-settings=\"{&quot;background_background&quot;:&quot;classic&quot;}\">\n\t\t\t\t\t<div class=\"e-con-inner\">\n\t\t\t\t<div class=\"elementor-element elementor-element-3c94722e elementor-widget elementor-widget-heading\" data-id=\"3c94722e\" data-element_type=\"widget\" data-widget_type=\"heading.default\">\n\t\t\t\t<div class=\"elementor-widget-container\">\n\t\t\t<style>\/*! elementor - v3.21.0 - 30-04-2024 *\/\n.elementor-heading-title{padding:0;margin:0;line-height:1}.elementor-widget-heading .elementor-heading-title[class*=elementor-size-]>a{color:inherit;font-size:inherit;line-height:inherit}.elementor-widget-heading .elementor-heading-title.elementor-size-small{font-size:15px}.elementor-widget-heading .elementor-heading-title.elementor-size-medium{font-size:19px}.elementor-widget-heading .elementor-heading-title.elementor-size-large{font-size:29px}.elementor-widget-heading .elementor-heading-title.elementor-size-xl{font-size:39px}.elementor-widget-heading .elementor-heading-title.elementor-size-xxl{font-size:59px}<\/style><h2 class=\"elementor-heading-title elementor-size-default\">21 e 22 de junho de 2024<br \/>Sindicato dos Docentes das Universidades Federais de Goi\u00e1s<\/h2>\t\t<\/div>\n\t\t\t\t<\/div>\n\t\t\t\t\t<\/div>\n\t\t\t\t<\/div>\n\t\t\t\t<section class=\"elementor-section elementor-top-section elementor-element elementor-element-4776d15f elementor-section-boxed elementor-section-height-default elementor-section-height-default\" data-id=\"4776d15f\" data-element_type=\"section\">\n\t\t\t\t\t\t<div class=\"elementor-container elementor-column-gap-default\">\n\t\t\t\t\t<div class=\"elementor-column elementor-col-100 elementor-top-column elementor-element elementor-element-7510651\" data-id=\"7510651\" data-element_type=\"column\">\n\t\t\t<div class=\"elementor-widget-wrap elementor-element-populated\">\n\t\t\t\t\t\t<div class=\"elementor-element elementor-element-e5ebd3c elementor-widget elementor-widget-text-editor\" data-id=\"e5ebd3c\" data-element_type=\"widget\" data-widget_type=\"text-editor.default\">\n\t\t\t\t<div class=\"elementor-widget-container\">\n\t\t\t<style>\/*! elementor - v3.21.0 - 30-04-2024 *\/\n.elementor-widget-text-editor.elementor-drop-cap-view-stacked .elementor-drop-cap{background-color:#69727d;color:#fff}.elementor-widget-text-editor.elementor-drop-cap-view-framed .elementor-drop-cap{color:#69727d;border:3px solid;background-color:transparent}.elementor-widget-text-editor:not(.elementor-drop-cap-view-default) .elementor-drop-cap{margin-top:8px}.elementor-widget-text-editor:not(.elementor-drop-cap-view-default) .elementor-drop-cap-letter{width:1em;height:1em}.elementor-widget-text-editor .elementor-drop-cap{float:left;text-align:center;line-height:1;font-size:50px}.elementor-widget-text-editor .elementor-drop-cap-letter{display:inline-block}<\/style>\t\t\t\t<p>Obrigado pelo interesse em falar com a equipe de organiza\u00e7\u00e3o do evento.<\/p><p>Para falar conosco, envie e-mail ou ligue!<\/p><p style=\"text-align: left;\"><strong>INFORMA\u00c7\u00d5ES GERAIS:<\/strong><br \/><strong><em>SIEG<\/em><\/strong><br \/>Telefone: (62) 3224-5114<br \/>Email: siegweb@gmail.com<\/p>\t\t\t\t\t\t<\/div>\n\t\t\t\t<\/div>\n\t\t\t\t\t<\/div>\n\t\t<\/div>\n\t\t\t\t\t<\/div>\n\t\t<\/section>\n\t\t\t\t<\/div>\n\t\t","protected":false},"excerpt":{"rendered":"<p>21 e 22 de junho de 2024Sindicato dos Docentes das Universidades Federais de Goi\u00e1s Obrigado pelo interesse em falar com a equipe de organiza\u00e7\u00e3o do evento. Para falar conosco, envie e-mail ou ligue! INFORMA\u00c7\u00d5ES GERAIS:SIEGTelefone: (62) 3224-5114Email: siegweb@gmail.com<\/p>\n","protected":false},"author":1,"featured_media":0,"parent":0,"menu_order":0,"comment_status":"closed","ping_status":"closed","template":"elementor_header_footer","meta":{"footnotes":""},"aioseo_notices":[],"_links":{"self":[{"href":"https:\/\/sieg.org.br\/congressosindical\/wp-json\/wp\/v2\/pages\/31"}],"collection":[{"href":"https:\/\/sieg.org.br\/congressosindical\/wp-json\/wp\/v2\/pages"}],"about":[{"href":"https:\/\/sieg.org.br\/congressosindical\/wp-json\/wp\/v2\/types\/page"}],"author":[{"embeddable":true,"href":"https:\/\/sieg.org.br\/congressosindical\/wp-json\/wp\/v2\/users\/1"}],"replies":[{"embeddable":true,"href":"https:\/\/sieg.org.br\/congressosindical\/wp-json\/wp\/v2\/comments?post=31"}],"version-history":[{"count":34,"href":"https:\/\/sieg.org.br\/congressosindical\/wp-json\/wp\/v2\/pages\/31\/revisions"}],"predecessor-version":[{"id":1131,"href":"https:\/\/sieg.org.br\/congressosindical\/wp-json\/wp\/v2\/pages\/31\/revisions\/1131"}],"wp:attachment":[{"href":"https:\/\/sieg.org.br\/congressosindical\/wp-json\/wp\/v2\/media?parent=31"}],"curies":[{"name":"wp","href":"https:\/\/api.w.org\/{rel}","templated":true}]}}