{"id":13,"date":"2023-12-19T16:32:37","date_gmt":"2023-12-19T19:32:37","guid":{"rendered":"https:\/\/ccmed.com.br\/sepse\/?page_id=13"},"modified":"2024-04-04T23:42:49","modified_gmt":"2024-04-05T02:42:49","slug":"mensagem-da-comissao","status":"publish","type":"page","link":"https:\/\/sieg.org.br\/congressosindical\/mensagem-da-comissao\/","title":{"rendered":"Mensagem da Comiss\u00e3o"},"content":{"rendered":"\t\t<div data-elementor-type=\"wp-page\" data-elementor-id=\"13\" class=\"elementor elementor-13\" data-elementor-post-type=\"page\">\n\t\t\t\t<div class=\"elementor-element elementor-element-81d19d0 e-flex e-con-boxed e-con e-parent\" data-id=\"81d19d0\" data-element_type=\"container\" data-settings=\"{&quot;background_background&quot;:&quot;classic&quot;}\">\n\t\t\t\t\t<div class=\"e-con-inner\">\n\t\t\t\t\t<\/div>\n\t\t\t\t<\/div>\n\t\t\t\t<section class=\"elementor-section elementor-top-section elementor-element elementor-element-4fb824 elementor-reverse-mobile elementor-section-boxed elementor-section-height-default elementor-section-height-default\" data-id=\"4fb824\" data-element_type=\"section\" data-settings=\"{&quot;background_background&quot;:&quot;classic&quot;}\">\n\t\t\t\t\t\t<div class=\"elementor-container elementor-column-gap-default\">\n\t\t\t\t\t<div class=\"elementor-column elementor-col-100 elementor-top-column elementor-element elementor-element-7ad7da\" data-id=\"7ad7da\" data-element_type=\"column\">\n\t\t\t<div class=\"elementor-widget-wrap elementor-element-populated\">\n\t\t\t\t\t\t<div class=\"elementor-element elementor-element-460dff4 elementor-widget elementor-widget-text-editor\" data-id=\"460dff4\" data-element_type=\"widget\" data-widget_type=\"text-editor.default\">\n\t\t\t\t<div class=\"elementor-widget-container\">\n\t\t\t<style>\/*! elementor - v3.21.0 - 30-04-2024 *\/\n.elementor-widget-text-editor.elementor-drop-cap-view-stacked .elementor-drop-cap{background-color:#69727d;color:#fff}.elementor-widget-text-editor.elementor-drop-cap-view-framed .elementor-drop-cap{color:#69727d;border:3px solid;background-color:transparent}.elementor-widget-text-editor:not(.elementor-drop-cap-view-default) .elementor-drop-cap{margin-top:8px}.elementor-widget-text-editor:not(.elementor-drop-cap-view-default) .elementor-drop-cap-letter{width:1em;height:1em}.elementor-widget-text-editor .elementor-drop-cap{float:left;text-align:center;line-height:1;font-size:50px}.elementor-widget-text-editor .elementor-drop-cap-letter{display:inline-block}<\/style>\t\t\t\t<p>Com grande entusiasmo, anunciamos que no per\u00edodo de 22 a 24 de julho de 2024, no Centro de Conven\u00e7\u00f5es do Amazonas Vasco Vasques, a Universidade do Estado do Amazonas (UEA), realizar\u00e1 o\u00a0<strong>4\u00ba Encontro de Ensino, Pesquisa e Extens\u00e3o<\/strong>\u00a0(ENAEPE) com o tema \u201c<strong>Saberes Integrados para o Desenvolvimento Sustent\u00e1vel<\/strong>\u201d tendo como principal objetivo promover a integra\u00e7\u00e3o e o di\u00e1logo entre os pilares do Ensino, Pesquisa e Extens\u00e3o, estimulando a socializa\u00e7\u00e3o, colabora\u00e7\u00e3o e o desenvolvimento socio cultural da Universidade do Estado do Amazonas.<\/p><p>O evento ser\u00e1 uma celebra\u00e7\u00e3o marcante na comunidade acad\u00eamica, simbolizando a retomada de um evento de grande magnitude. Este momento n\u00e3o apenas assinala a retomada, mas tamb\u00e9m representa uma oportunidade \u00fanica de reflex\u00e3o e integra\u00e7\u00e3o, congregando n\u00e3o apenas estudantes, professores, pesquisadores e t\u00e9cnico-administrativos, mas tamb\u00e9m as comunidades locais e demais interessados.<\/p><p>No decorrer do evento, os participantes ter\u00e3o a oportunidade n\u00e3o apenas de conhecer, mas tamb\u00e9m de compartilhar e debater os desdobramentos das pesquisas realizadas, assim como as pr\u00e1ticas de ensino e os diversos programas e projetos de extens\u00e3o em andamento. Esta intera\u00e7\u00e3o n\u00e3o apenas enriquecer\u00e1 o ambiente acad\u00eamico, mas tamb\u00e9m fomentar\u00e1 a dissemina\u00e7\u00e3o do conhecimento.<\/p><p>Almejamos que este encontro se configure como um espa\u00e7o prop\u00edcio para a troca de saberes, experi\u00eancias e ideias, contribuindo para a socializa\u00e7\u00e3o da UEA e, por conseguinte, consolidando o compromisso da institui\u00e7\u00e3o com a excel\u00eancia acad\u00eamica, a responsabilidade social e o protagonismo na promo\u00e7\u00e3o do desenvolvimento sustent\u00e1vel na regi\u00e3o amaz\u00f4nica.<\/p><p>Venha fazer parte desse di\u00e1logo de saberes e a\u00e7\u00f5es transformadoras!<\/p>\t\t\t\t\t\t<\/div>\n\t\t\t\t<\/div>\n\t\t\t\t<section class=\"elementor-section elementor-inner-section elementor-element elementor-element-620e54cc elementor-hidden-desktop elementor-hidden-tablet elementor-hidden-mobile elementor-section-boxed elementor-section-height-default elementor-section-height-default\" data-id=\"620e54cc\" data-element_type=\"section\">\n\t\t\t\t\t\t<div class=\"elementor-container elementor-column-gap-default\">\n\t\t\t\t\t<div class=\"elementor-column elementor-col-50 elementor-inner-column elementor-element elementor-element-256d523d\" data-id=\"256d523d\" data-element_type=\"column\">\n\t\t\t<div class=\"elementor-widget-wrap elementor-element-populated\">\n\t\t\t\t\t\t<div class=\"elementor-element elementor-element-597e0a07 elementor-position-left elementor-vertical-align-top elementor-widget elementor-widget-image-box\" data-id=\"597e0a07\" data-element_type=\"widget\" data-widget_type=\"image-box.default\">\n\t\t\t\t<div class=\"elementor-widget-container\">\n\t\t\t<style>\/*! elementor - v3.21.0 - 30-04-2024 *\/\n.elementor-widget-image-box .elementor-image-box-content{width:100%}@media (min-width:768px){.elementor-widget-image-box.elementor-position-left .elementor-image-box-wrapper,.elementor-widget-image-box.elementor-position-right .elementor-image-box-wrapper{display:flex}.elementor-widget-image-box.elementor-position-right .elementor-image-box-wrapper{text-align:end;flex-direction:row-reverse}.elementor-widget-image-box.elementor-position-left .elementor-image-box-wrapper{text-align:start;flex-direction:row}.elementor-widget-image-box.elementor-position-top .elementor-image-box-img{margin:auto}.elementor-widget-image-box.elementor-vertical-align-top .elementor-image-box-wrapper{align-items:flex-start}.elementor-widget-image-box.elementor-vertical-align-middle .elementor-image-box-wrapper{align-items:center}.elementor-widget-image-box.elementor-vertical-align-bottom .elementor-image-box-wrapper{align-items:flex-end}}@media (max-width:767px){.elementor-widget-image-box .elementor-image-box-img{margin-left:auto!important;margin-right:auto!important;margin-bottom:15px}}.elementor-widget-image-box .elementor-image-box-img{display:inline-block}.elementor-widget-image-box .elementor-image-box-title a{color:inherit}.elementor-widget-image-box .elementor-image-box-wrapper{text-align:center}.elementor-widget-image-box .elementor-image-box-description{margin:0}<\/style><div class=\"elementor-image-box-wrapper\"><figure class=\"elementor-image-box-img\"><img decoding=\"async\" src=\"https:\/\/sieg.org.br\/congressosindical\/wp-content\/uploads\/2024\/02\/jacinta_GESTAO2022-qeyhhmwzoudpt7pf4lybb2gj9jlt68tsg8w0gcbdgo.webp\" title=\"\" alt=\"\" loading=\"lazy\" \/><\/figure><div class=\"elementor-image-box-content\"><h3 class=\"elementor-image-box-title\">Profa. Dra. Jacinta de Fatima Sena da Silva<\/h3><p class=\"elementor-image-box-description\">Presidente da Associa\u00e7\u00e3o Brasileira de Enfermagem e do 19\u00b0 Semin\u00e1rio Nacional de Diretrizes para a Educa\u00e7\u00e3o em Enfermagem, o 16\u00b0 Simp\u00f3sio Nacional de Diagn\u00f3sticos de Enfermagem e o 4\u00ba Col\u00f3quio Brasileiro de Enfermagem em Sa\u00fade Mental<\/p><\/div><\/div>\t\t<\/div>\n\t\t\t\t<\/div>\n\t\t\t\t\t<\/div>\n\t\t<\/div>\n\t\t\t\t<div class=\"elementor-column elementor-col-50 elementor-inner-column elementor-element elementor-element-764660ab\" data-id=\"764660ab\" data-element_type=\"column\">\n\t\t\t<div class=\"elementor-widget-wrap elementor-element-populated\">\n\t\t\t\t\t\t<div class=\"elementor-element elementor-element-79602292 elementor-position-left elementor-vertical-align-top elementor-widget elementor-widget-image-box\" data-id=\"79602292\" data-element_type=\"widget\" data-widget_type=\"image-box.default\">\n\t\t\t\t<div class=\"elementor-widget-container\">\n\t\t\t<div class=\"elementor-image-box-wrapper\"><figure class=\"elementor-image-box-img\"><img decoding=\"async\" src=\"https:\/\/sieg.org.br\/congressosindical\/wp-content\/uploads\/2024\/02\/Marta-Presidente-1-qeyhlsdbvi2b37obvwjztiqtpt5664b40sm7rc5rzc.webp\" title=\"\" alt=\"\" loading=\"lazy\" \/><\/figure><div class=\"elementor-image-box-content\"><h3 class=\"elementor-image-box-title\">Enfa. Marta Val\u00e9ria Calatayud Carvalho<\/h3><p class=\"elementor-image-box-description\">Presidente da Associa\u00e7\u00e3o Brasileira de Enfermagem \u2013 Se\u00e7\u00e3o Goi\u00e1s \u2013 e Vice-Presidente do 19\u00b0 Semin\u00e1rio Nacional de Diretrizes para a Educa\u00e7\u00e3o em Enfermagem, o 16\u00b0 Simp\u00f3sio Nacional de Diagn\u00f3sticos de Enfermagem e o 4\u00ba Col\u00f3quio Brasileiro de Enfermagem em Sa\u00fade Mental<\/p><\/div><\/div>\t\t<\/div>\n\t\t\t\t<\/div>\n\t\t\t\t\t<\/div>\n\t\t<\/div>\n\t\t\t\t\t<\/div>\n\t\t<\/section>\n\t\t\t\t\t<\/div>\n\t\t<\/div>\n\t\t\t\t\t<\/div>\n\t\t<\/section>\n\t\t<div class=\"elementor-element elementor-element-b805cc4 e-flex e-con-boxed e-con e-parent\" data-id=\"b805cc4\" data-element_type=\"container\">\n\t\t\t\t\t<div class=\"e-con-inner\">\n\t\t<div class=\"elementor-element elementor-element-389f479 e-con-full e-flex e-con e-child\" data-id=\"389f479\" data-element_type=\"container\">\n\t\t\t\t<div class=\"elementor-element elementor-element-acaffdb elementor-widget elementor-widget-button\" data-id=\"acaffdb\" data-element_type=\"widget\" data-widget_type=\"button.default\">\n\t\t\t\t<div class=\"elementor-widget-container\">\n\t\t\t\t\t<div class=\"elementor-button-wrapper\">\n\t\t\t<a class=\"elementor-button elementor-button-link elementor-size-sm\" href=\"https:\/\/sieg.org.br\/congressosindical\/index.php\/comissao-cientifica\/\">\n\t\t\t\t\t\t<span class=\"elementor-button-content-wrapper\">\n\t\t\t\t\t\t\t\t\t<span class=\"elementor-button-text\">Comiss\u00e3o Cient\u00edfica<\/span>\n\t\t\t\t\t<\/span>\n\t\t\t\t\t<\/a>\n\t\t<\/div>\n\t\t\t\t<\/div>\n\t\t\t\t<\/div>\n\t\t\t\t<\/div>\n\t\t<div class=\"elementor-element elementor-element-4954fb9 e-con-full e-flex e-con e-child\" data-id=\"4954fb9\" data-element_type=\"container\">\n\t\t\t\t<div class=\"elementor-element elementor-element-edd53b5 elementor-widget elementor-widget-button\" data-id=\"edd53b5\" data-element_type=\"widget\" data-widget_type=\"button.default\">\n\t\t\t\t<div class=\"elementor-widget-container\">\n\t\t\t\t\t<div class=\"elementor-button-wrapper\">\n\t\t\t<a class=\"elementor-button elementor-button-link elementor-size-sm\" href=\"https:\/\/sieg.org.br\/congressosindical\/index.php\/comissao-organizadora\/\">\n\t\t\t\t\t\t<span class=\"elementor-button-content-wrapper\">\n\t\t\t\t\t\t\t\t\t<span class=\"elementor-button-text\">Comiss\u00e3o Organizadora<\/span>\n\t\t\t\t\t<\/span>\n\t\t\t\t\t<\/a>\n\t\t<\/div>\n\t\t\t\t<\/div>\n\t\t\t\t<\/div>\n\t\t\t\t<\/div>\n\t\t<div class=\"elementor-element elementor-element-961f719 e-con-full e-flex e-con e-child\" data-id=\"961f719\" data-element_type=\"container\">\n\t\t\t\t<div class=\"elementor-element elementor-element-6c67553 elementor-widget elementor-widget-button\" data-id=\"6c67553\" data-element_type=\"widget\" data-widget_type=\"button.default\">\n\t\t\t\t<div class=\"elementor-widget-container\">\n\t\t\t\t\t<div class=\"elementor-button-wrapper\">\n\t\t\t<a class=\"elementor-button elementor-button-link elementor-size-sm\" href=\"https:\/\/sieg.org.br\/congressosindical\/index.php\/local-do-evento\/\">\n\t\t\t\t\t\t<span class=\"elementor-button-content-wrapper\">\n\t\t\t\t\t\t\t\t\t<span class=\"elementor-button-text\">Local do Evento<\/span>\n\t\t\t\t\t<\/span>\n\t\t\t\t\t<\/a>\n\t\t<\/div>\n\t\t\t\t<\/div>\n\t\t\t\t<\/div>\n\t\t\t\t<\/div>\n\t\t\t\t\t<\/div>\n\t\t\t\t<\/div>\n\t\t\t\t<\/div>\n\t\t","protected":false},"excerpt":{"rendered":"<p>Com grande entusiasmo, anunciamos que no per\u00edodo de 22 a 24 de julho de 2024, no Centro de Conven\u00e7\u00f5es do Amazonas Vasco Vasques, a Universidade do Estado do Amazonas (UEA), realizar\u00e1 o\u00a04\u00ba Encontro de Ensino, Pesquisa e Extens\u00e3o\u00a0(ENAEPE) com o tema \u201cSaberes Integrados para o Desenvolvimento Sustent\u00e1vel\u201d tendo como principal objetivo promover a integra\u00e7\u00e3o e [&hellip;]<\/p>\n","protected":false},"author":1,"featured_media":0,"parent":0,"menu_order":0,"comment_status":"closed","ping_status":"closed","template":"elementor_header_footer","meta":{"footnotes":""},"aioseo_notices":[],"_links":{"self":[{"href":"https:\/\/sieg.org.br\/congressosindical\/wp-json\/wp\/v2\/pages\/13"}],"collection":[{"href":"https:\/\/sieg.org.br\/congressosindical\/wp-json\/wp\/v2\/pages"}],"about":[{"href":"https:\/\/sieg.org.br\/congressosindical\/wp-json\/wp\/v2\/types\/page"}],"author":[{"embeddable":true,"href":"https:\/\/sieg.org.br\/congressosindical\/wp-json\/wp\/v2\/users\/1"}],"replies":[{"embeddable":true,"href":"https:\/\/sieg.org.br\/congressosindical\/wp-json\/wp\/v2\/comments?post=13"}],"version-history":[{"count":49,"href":"https:\/\/sieg.org.br\/congressosindical\/wp-json\/wp\/v2\/pages\/13\/revisions"}],"predecessor-version":[{"id":796,"href":"https:\/\/sieg.org.br\/congressosindical\/wp-json\/wp\/v2\/pages\/13\/revisions\/796"}],"wp:attachment":[{"href":"https:\/\/sieg.org.br\/congressosindical\/wp-json\/wp\/v2\/media?parent=13"}],"curies":[{"name":"wp","href":"https:\/\/api.w.org\/{rel}","templated":true}]}}