{"id":1137,"date":"2024-05-30T11:35:29","date_gmt":"2024-05-30T14:35:29","guid":{"rendered":"https:\/\/sieg.org.br\/congressosindical\/?page_id=1137"},"modified":"2024-05-30T11:38:46","modified_gmt":"2024-05-30T14:38:46","slug":"sobre-o-evento","status":"publish","type":"page","link":"https:\/\/sieg.org.br\/congressosindical\/sobre-o-evento\/","title":{"rendered":"Sobre o Evento"},"content":{"rendered":"\t\t<div data-elementor-type=\"wp-page\" data-elementor-id=\"1137\" class=\"elementor elementor-1137\" data-elementor-post-type=\"page\">\n\t\t\t\t<div class=\"elementor-element elementor-element-40be6534 e-flex e-con-boxed e-con e-parent\" data-id=\"40be6534\" data-element_type=\"container\" data-settings=\"{&quot;background_background&quot;:&quot;classic&quot;}\">\n\t\t\t\t\t<div class=\"e-con-inner\">\n\t\t\t\t<div class=\"elementor-element elementor-element-d0f36bf elementor-widget elementor-widget-heading\" data-id=\"d0f36bf\" data-element_type=\"widget\" data-widget_type=\"heading.default\">\n\t\t\t\t<div class=\"elementor-widget-container\">\n\t\t\t<style>\/*! elementor - v3.21.0 - 30-04-2024 *\/\n.elementor-heading-title{padding:0;margin:0;line-height:1}.elementor-widget-heading .elementor-heading-title[class*=elementor-size-]>a{color:inherit;font-size:inherit;line-height:inherit}.elementor-widget-heading .elementor-heading-title.elementor-size-small{font-size:15px}.elementor-widget-heading .elementor-heading-title.elementor-size-medium{font-size:19px}.elementor-widget-heading .elementor-heading-title.elementor-size-large{font-size:29px}.elementor-widget-heading .elementor-heading-title.elementor-size-xl{font-size:39px}.elementor-widget-heading .elementor-heading-title.elementor-size-xxl{font-size:59px}<\/style><h2 class=\"elementor-heading-title elementor-size-default\">21 e 22 de junho de 2024<br \/>Sindicato dos Docentes das Universidades Federais de Goi\u00e1s<\/h2>\t\t<\/div>\n\t\t\t\t<\/div>\n\t\t\t\t\t<\/div>\n\t\t\t\t<\/div>\n\t\t<div class=\"elementor-element elementor-element-4318988 e-flex e-con-boxed e-con e-parent\" data-id=\"4318988\" data-element_type=\"container\">\n\t\t\t\t\t<div class=\"e-con-inner\">\n\t\t\t\t<div class=\"elementor-element elementor-element-d584f01 elementor-widget elementor-widget-text-editor\" data-id=\"d584f01\" data-element_type=\"widget\" data-widget_type=\"text-editor.default\">\n\t\t\t\t<div class=\"elementor-widget-container\">\n\t\t\t<style>\/*! elementor - v3.21.0 - 30-04-2024 *\/\n.elementor-widget-text-editor.elementor-drop-cap-view-stacked .elementor-drop-cap{background-color:#69727d;color:#fff}.elementor-widget-text-editor.elementor-drop-cap-view-framed .elementor-drop-cap{color:#69727d;border:3px solid;background-color:transparent}.elementor-widget-text-editor:not(.elementor-drop-cap-view-default) .elementor-drop-cap{margin-top:8px}.elementor-widget-text-editor:not(.elementor-drop-cap-view-default) .elementor-drop-cap-letter{width:1em;height:1em}.elementor-widget-text-editor .elementor-drop-cap{float:left;text-align:center;line-height:1;font-size:50px}.elementor-widget-text-editor .elementor-drop-cap-letter{display:inline-block}<\/style>\t\t\t\t<p>O Sindicato dos Enfermeiros de Goi\u00e1s convida toda a comunidade de enfermagem para seu 1\u00ba Congresso Sindical, que ser\u00e1 realizado nos dias 21 e 22 de junho, em Goi\u00e2nia. O tema definido pela comiss\u00e3o organizadora acolhe justamente os dilemas e anseios da categoria \u2013 \u201cSa\u00fade do Trabalhador. Cuidar de quem cuida\u201d.<\/p><p>Durante as reuni\u00f5es de organiza\u00e7\u00e3o, ficou estabelecida a necessidade de debater de frente temas que acompanham nossa categoria num processo cumulativo, como: exaustiva jornada de trabalho, remunera\u00e7\u00e3o incompat\u00edvel com o servi\u00e7o que prestamos, relut\u00e2ncia das unidades em cumprir leis existentes \u2013 piso nacional e repouso, e a lista segue quase chegando ao infinito.<\/p><p>Todas essas s\u00e3o quest\u00f5es que ouvimos e falamos h\u00e1 tanto tempo e que, ainda, causam impacto enormes na vida dos trabalhadores, incluindo transtornos como ansiedade, depress\u00e3o e tentativa de suic\u00eddio, s\u00edndrome de Bournot; al\u00e9m do adoecimento dos profissionais durante e p\u00f3s pandemia da Covid-19.<\/p><p>Os participantes do 1\u00ba Congresso Sindical ter\u00e3o acesso \u00e0 informa\u00e7\u00f5es atualizadas e completas sobre sa\u00fade do trabalhador hoje e os caminhos que precisam ser tra\u00e7ados para termos melhores condi\u00e7\u00f5es, a partir do processo de luta sindical. E ainda poder\u00e3o participar ativamente da aprova\u00e7\u00e3o do regimento interno e estatuto do Sindicato dos Enfermeiros de Goi\u00e1s.<\/p><p>Com muita honra e alegria, temos confirmadas as presen\u00e7as de verdadeiras personalidades e apoio de entidades representativas e governamentais \u2013 Ministra Adela\u00edde Arantes, do Tribunal Superior do Trabalho; Tribunal Regional do Trabalho; Conselho Regional de Enfermagem de Goi\u00e1s, Secretaria Estadual de Sa\u00fade de Goi\u00e1s, Secretarias Municipais de Sa\u00fade de Goi\u00e2nia e Aparecida de Goi\u00e2nia, Departamento Intersindical de Estat\u00edstica e Estudos Socioecon\u00f4micos, Sindicato dos Trabalhadores de Sistema \u00danico de Sa\u00fade de Goi\u00e1s, Conselho Estadual de Sa\u00fade, Conselho Municipal de Sa\u00fade, Centro de Refer\u00eancia em Sa\u00fade do Trabalhador e Associa\u00e7\u00e3o Brasileira de Enfermagem se\u00e7\u00e3o Goi\u00e1s. <\/p>\t\t\t\t\t\t<\/div>\n\t\t\t\t<\/div>\n\t\t\t\t\t<\/div>\n\t\t\t\t<\/div>\n\t\t<div class=\"elementor-element elementor-element-a6340dd e-flex e-con-boxed e-con e-parent\" data-id=\"a6340dd\" data-element_type=\"container\">\n\t\t\t\t\t<div class=\"e-con-inner\">\n\t\t\t\t<div class=\"elementor-element elementor-element-518cd06 elementor-widget-divider--view-line elementor-widget elementor-widget-divider\" data-id=\"518cd06\" data-element_type=\"widget\" data-widget_type=\"divider.default\">\n\t\t\t\t<div class=\"elementor-widget-container\">\n\t\t\t<style>\/*! elementor - v3.21.0 - 30-04-2024 *\/\n.elementor-widget-divider{--divider-border-style:none;--divider-border-width:1px;--divider-color:#0c0d0e;--divider-icon-size:20px;--divider-element-spacing:10px;--divider-pattern-height:24px;--divider-pattern-size:20px;--divider-pattern-url:none;--divider-pattern-repeat:repeat-x}.elementor-widget-divider .elementor-divider{display:flex}.elementor-widget-divider .elementor-divider__text{font-size:15px;line-height:1;max-width:95%}.elementor-widget-divider .elementor-divider__element{margin:0 var(--divider-element-spacing);flex-shrink:0}.elementor-widget-divider .elementor-icon{font-size:var(--divider-icon-size)}.elementor-widget-divider .elementor-divider-separator{display:flex;margin:0;direction:ltr}.elementor-widget-divider--view-line_icon .elementor-divider-separator,.elementor-widget-divider--view-line_text .elementor-divider-separator{align-items:center}.elementor-widget-divider--view-line_icon .elementor-divider-separator:after,.elementor-widget-divider--view-line_icon .elementor-divider-separator:before,.elementor-widget-divider--view-line_text .elementor-divider-separator:after,.elementor-widget-divider--view-line_text .elementor-divider-separator:before{display:block;content:\"\";border-block-end:0;flex-grow:1;border-block-start:var(--divider-border-width) var(--divider-border-style) var(--divider-color)}.elementor-widget-divider--element-align-left .elementor-divider .elementor-divider-separator>.elementor-divider__svg:first-of-type{flex-grow:0;flex-shrink:100}.elementor-widget-divider--element-align-left .elementor-divider-separator:before{content:none}.elementor-widget-divider--element-align-left .elementor-divider__element{margin-left:0}.elementor-widget-divider--element-align-right .elementor-divider .elementor-divider-separator>.elementor-divider__svg:last-of-type{flex-grow:0;flex-shrink:100}.elementor-widget-divider--element-align-right .elementor-divider-separator:after{content:none}.elementor-widget-divider--element-align-right .elementor-divider__element{margin-right:0}.elementor-widget-divider--element-align-start .elementor-divider .elementor-divider-separator>.elementor-divider__svg:first-of-type{flex-grow:0;flex-shrink:100}.elementor-widget-divider--element-align-start .elementor-divider-separator:before{content:none}.elementor-widget-divider--element-align-start .elementor-divider__element{margin-inline-start:0}.elementor-widget-divider--element-align-end .elementor-divider .elementor-divider-separator>.elementor-divider__svg:last-of-type{flex-grow:0;flex-shrink:100}.elementor-widget-divider--element-align-end .elementor-divider-separator:after{content:none}.elementor-widget-divider--element-align-end .elementor-divider__element{margin-inline-end:0}.elementor-widget-divider:not(.elementor-widget-divider--view-line_text):not(.elementor-widget-divider--view-line_icon) .elementor-divider-separator{border-block-start:var(--divider-border-width) var(--divider-border-style) var(--divider-color)}.elementor-widget-divider--separator-type-pattern{--divider-border-style:none}.elementor-widget-divider--separator-type-pattern.elementor-widget-divider--view-line .elementor-divider-separator,.elementor-widget-divider--separator-type-pattern:not(.elementor-widget-divider--view-line) .elementor-divider-separator:after,.elementor-widget-divider--separator-type-pattern:not(.elementor-widget-divider--view-line) .elementor-divider-separator:before,.elementor-widget-divider--separator-type-pattern:not([class*=elementor-widget-divider--view]) .elementor-divider-separator{width:100%;min-height:var(--divider-pattern-height);-webkit-mask-size:var(--divider-pattern-size) 100%;mask-size:var(--divider-pattern-size) 100%;-webkit-mask-repeat:var(--divider-pattern-repeat);mask-repeat:var(--divider-pattern-repeat);background-color:var(--divider-color);-webkit-mask-image:var(--divider-pattern-url);mask-image:var(--divider-pattern-url)}.elementor-widget-divider--no-spacing{--divider-pattern-size:auto}.elementor-widget-divider--bg-round{--divider-pattern-repeat:round}.rtl .elementor-widget-divider .elementor-divider__text{direction:rtl}.e-con-inner>.elementor-widget-divider,.e-con>.elementor-widget-divider{width:var(--container-widget-width,100%);--flex-grow:var(--container-widget-flex-grow)}<\/style>\t\t<div class=\"elementor-divider\">\n\t\t\t<span class=\"elementor-divider-separator\">\n\t\t\t\t\t\t<\/span>\n\t\t<\/div>\n\t\t\t\t<\/div>\n\t\t\t\t<\/div>\n\t\t\t\t\t<\/div>\n\t\t\t\t<\/div>\n\t\t<div class=\"elementor-element elementor-element-e862fcf e-flex e-con-boxed e-con e-parent\" data-id=\"e862fcf\" data-element_type=\"container\">\n\t\t\t\t\t<div class=\"e-con-inner\">\n\t\t\t\t<div class=\"elementor-element elementor-element-cfcc4a4 elementor-widget elementor-widget-text-editor\" data-id=\"cfcc4a4\" data-element_type=\"widget\" data-widget_type=\"text-editor.default\">\n\t\t\t\t<div class=\"elementor-widget-container\">\n\t\t\t\t\t\t\t<p><strong>Palavra da presidente<\/strong><\/p><p>Convido toda a comunidade de enfermagem para participar do 1\u00ba Congresso Sindical do Sieg, que ser\u00e1 realizado em Goi\u00e2nia (GO), nos dias 21 e 23 de junho, com o tema \u201cSa\u00fade do Trabalhador. Cuidar de quem cuida\u201d.<\/p><p>Abordaremos, durante a programa\u00e7\u00e3o, assuntos que acompanham nossa categoria num processo cumulativo, como: exaustiva jornada de trabalho, remunera\u00e7\u00e3o incompat\u00edvel com o servi\u00e7o que prestamos, relut\u00e2ncia das unidades em cumprir leis existentes \u2013 piso nacional e repouso, e a lista segue quase chegando ao infinito.<\/p><p>Estamos num momento em que \u00e9 urgente falarmos sobre os impactos da atual forma de trabalho da enfermagem em nossas vidas, incluindo transtornos como ansiedade, depress\u00e3o e tentativa de suic\u00eddio, s\u00edndrome de Bournot; al\u00e9m do adoecimento dos profissionais durante e p\u00f3s pandemia da Covid-19.<\/p><p>Venha conosco nessa jornada que abre novas fronteiras na forma de discutir a enfermagem!<\/p>\t\t\t\t\t\t<\/div>\n\t\t\t\t<\/div>\n\t\t\t\t\t<\/div>\n\t\t\t\t<\/div>\n\t\t<div class=\"elementor-element elementor-element-f27e4ae e-flex e-con-boxed e-con e-parent\" data-id=\"f27e4ae\" data-element_type=\"container\">\n\t\t\t\t\t<div class=\"e-con-inner\">\n\t\t\t\t<div class=\"elementor-element elementor-element-fa5ffcd elementor-position-left elementor-vertical-align-top elementor-widget elementor-widget-image-box\" data-id=\"fa5ffcd\" data-element_type=\"widget\" data-widget_type=\"image-box.default\">\n\t\t\t\t<div class=\"elementor-widget-container\">\n\t\t\t<style>\/*! elementor - v3.21.0 - 30-04-2024 *\/\n.elementor-widget-image-box .elementor-image-box-content{width:100%}@media (min-width:768px){.elementor-widget-image-box.elementor-position-left .elementor-image-box-wrapper,.elementor-widget-image-box.elementor-position-right .elementor-image-box-wrapper{display:flex}.elementor-widget-image-box.elementor-position-right .elementor-image-box-wrapper{text-align:end;flex-direction:row-reverse}.elementor-widget-image-box.elementor-position-left .elementor-image-box-wrapper{text-align:start;flex-direction:row}.elementor-widget-image-box.elementor-position-top .elementor-image-box-img{margin:auto}.elementor-widget-image-box.elementor-vertical-align-top .elementor-image-box-wrapper{align-items:flex-start}.elementor-widget-image-box.elementor-vertical-align-middle .elementor-image-box-wrapper{align-items:center}.elementor-widget-image-box.elementor-vertical-align-bottom .elementor-image-box-wrapper{align-items:flex-end}}@media (max-width:767px){.elementor-widget-image-box .elementor-image-box-img{margin-left:auto!important;margin-right:auto!important;margin-bottom:15px}}.elementor-widget-image-box .elementor-image-box-img{display:inline-block}.elementor-widget-image-box .elementor-image-box-title a{color:inherit}.elementor-widget-image-box .elementor-image-box-wrapper{text-align:center}.elementor-widget-image-box .elementor-image-box-description{margin:0}<\/style><div class=\"elementor-image-box-wrapper\"><figure class=\"elementor-image-box-img\"><img decoding=\"async\" width=\"196\" height=\"196\" src=\"https:\/\/sieg.org.br\/congressosindical\/wp-content\/uploads\/2024\/05\/Roberta.jpg\" class=\"attachment-full size-full wp-image-1081\" alt=\"\" srcset=\"https:\/\/sieg.org.br\/congressosindical\/wp-content\/uploads\/2024\/05\/Roberta.jpg 196w, https:\/\/sieg.org.br\/congressosindical\/wp-content\/uploads\/2024\/05\/Roberta-150x150.jpg 150w\" sizes=\"(max-width: 196px) 100vw, 196px\" \/><\/figure><div class=\"elementor-image-box-content\"><h3 class=\"elementor-image-box-title\">Roberta Rios<\/h3><p class=\"elementor-image-box-description\">Presidente do <br \/>Congresso Sindical do SIEG<\/p><\/div><\/div>\t\t<\/div>\n\t\t\t\t<\/div>\n\t\t\t\t\t<\/div>\n\t\t\t\t<\/div>\n\t\t\t\t<\/div>\n\t\t","protected":false},"excerpt":{"rendered":"<p>21 e 22 de junho de 2024Sindicato dos Docentes das Universidades Federais de Goi\u00e1s O Sindicato dos Enfermeiros de Goi\u00e1s convida toda a comunidade de enfermagem para seu 1\u00ba Congresso Sindical, que ser\u00e1 realizado nos dias 21 e 22 de junho, em Goi\u00e2nia. O tema definido pela comiss\u00e3o organizadora acolhe justamente os dilemas e anseios [&hellip;]<\/p>\n","protected":false},"author":1,"featured_media":0,"parent":0,"menu_order":0,"comment_status":"closed","ping_status":"closed","template":"elementor_header_footer","meta":{"footnotes":""},"aioseo_notices":[],"_links":{"self":[{"href":"https:\/\/sieg.org.br\/congressosindical\/wp-json\/wp\/v2\/pages\/1137"}],"collection":[{"href":"https:\/\/sieg.org.br\/congressosindical\/wp-json\/wp\/v2\/pages"}],"about":[{"href":"https:\/\/sieg.org.br\/congressosindical\/wp-json\/wp\/v2\/types\/page"}],"author":[{"embeddable":true,"href":"https:\/\/sieg.org.br\/congressosindical\/wp-json\/wp\/v2\/users\/1"}],"replies":[{"embeddable":true,"href":"https:\/\/sieg.org.br\/congressosindical\/wp-json\/wp\/v2\/comments?post=1137"}],"version-history":[{"count":7,"href":"https:\/\/sieg.org.br\/congressosindical\/wp-json\/wp\/v2\/pages\/1137\/revisions"}],"predecessor-version":[{"id":1144,"href":"https:\/\/sieg.org.br\/congressosindical\/wp-json\/wp\/v2\/pages\/1137\/revisions\/1144"}],"wp:attachment":[{"href":"https:\/\/sieg.org.br\/congressosindical\/wp-json\/wp\/v2\/media?parent=1137"}],"curies":[{"name":"wp","href":"https:\/\/api.w.org\/{rel}","templated":true}]}}